{"id":1290,"date":"2021-03-17T12:39:16","date_gmt":"2021-03-17T11:39:16","guid":{"rendered":"https:\/\/mtc-methodegeometrique.com\/?page_id=1290"},"modified":"2021-03-17T12:41:57","modified_gmt":"2021-03-17T11:41:57","slug":"mentions-legales","status":"publish","type":"page","link":"https:\/\/mtc-methodegeometrique.com\/fr\/mentions-legales\/","title":{"rendered":"Mentions l\u00e9gales"},"content":{"rendered":"\t\t<div data-elementor-type=\"wp-page\" data-elementor-id=\"1290\" class=\"elementor elementor-1290\">\n\t\t\t\t\t\t<section class=\"elementor-section elementor-top-section elementor-element elementor-element-31cd878 elementor-section-boxed elementor-section-height-default elementor-section-height-default\" data-id=\"31cd878\" data-element_type=\"section\">\n\t\t\t\t\t\t<div class=\"elementor-container elementor-column-gap-default\">\n\t\t\t\t\t<div class=\"elementor-column elementor-col-100 elementor-top-column elementor-element elementor-element-d4f9e72\" data-id=\"d4f9e72\" data-element_type=\"column\">\n\t\t\t<div class=\"elementor-widget-wrap elementor-element-populated\">\n\t\t\t\t\t\t<div class=\"elementor-element elementor-element-ceb9485 elementor-widget elementor-widget-heading\" data-id=\"ceb9485\" data-element_type=\"widget\" data-widget_type=\"heading.default\">\n\t\t\t\t<div class=\"elementor-widget-container\">\n\t\t\t\t\t<h2 class=\"elementor-heading-title elementor-size-default\">Editeur du site internet<\/h2>\t\t\t\t<\/div>\n\t\t\t\t<\/div>\n\t\t\t\t<div class=\"elementor-element elementor-element-a92e0b6 elementor-widget elementor-widget-text-editor\" data-id=\"a92e0b6\" data-element_type=\"widget\" data-widget_type=\"text-editor.default\">\n\t\t\t\t<div class=\"elementor-widget-container\">\n\t\t\t\t\t\t\t\t\t<p>Raison sociale : M. JACQUES Denys<br \/>Forme juridique : Entreprise individuelle<br \/>SIRET : 33360720800043<br \/>Num\u00e9ro de TVA intracommunautaire : FR80333607208<br \/>Adresse du si\u00e8ge social : 6 rue Dulau \u2022 13200 ARLES<br \/>T\u00e9l\u00e9phone : 06 76 54 72 77<br \/>Contact : <a href=\"mailto:mtc.methodegeometrique@gmail.com\">mtc.methodegeometrique@gmail.com<\/a><br \/>Responsable de la publication : Denys JACQUES<\/p>\t\t\t\t\t\t\t\t<\/div>\n\t\t\t\t<\/div>\n\t\t\t\t<div class=\"elementor-element elementor-element-9e74365 elementor-widget elementor-widget-heading\" data-id=\"9e74365\" data-element_type=\"widget\" data-widget_type=\"heading.default\">\n\t\t\t\t<div class=\"elementor-widget-container\">\n\t\t\t\t\t<h2 class=\"elementor-heading-title elementor-size-default\">H\u00e9bergeur<\/h2>\t\t\t\t<\/div>\n\t\t\t\t<\/div>\n\t\t\t\t<div class=\"elementor-element elementor-element-322c981 elementor-widget elementor-widget-text-editor\" data-id=\"322c981\" data-element_type=\"widget\" data-widget_type=\"text-editor.default\">\n\t\t\t\t<div class=\"elementor-widget-container\">\n\t\t\t\t\t\t\t\t\t<p>Hostinger International Ltd.<\/p><p>61 Lordou Vironos Street<br \/>6023 Larnaca, Cyprus<\/p>\t\t\t\t\t\t\t\t<\/div>\n\t\t\t\t<\/div>\n\t\t\t\t<div class=\"elementor-element elementor-element-5ab74bc elementor-widget elementor-widget-heading\" data-id=\"5ab74bc\" data-element_type=\"widget\" data-widget_type=\"heading.default\">\n\t\t\t\t<div class=\"elementor-widget-container\">\n\t\t\t\t\t<h2 class=\"elementor-heading-title elementor-size-default\">Conception graphique et d\u00e9veloppement<\/h2>\t\t\t\t<\/div>\n\t\t\t\t<\/div>\n\t\t\t\t<div class=\"elementor-element elementor-element-aa45084 elementor-widget elementor-widget-text-editor\" data-id=\"aa45084\" data-element_type=\"widget\" data-widget_type=\"text-editor.default\">\n\t\t\t\t<div class=\"elementor-widget-container\">\n\t\t\t\t\t\t\t\t\t<p><a href=\"https:\/\/illunimes.com\" target=\"_blank\" rel=\"noopener\">ILLUNIMES <\/a>Agence de communication. 190 rue Andr\u00e9 Simon. 30900 N\u00eemes.<\/p>\t\t\t\t\t\t\t\t<\/div>\n\t\t\t\t<\/div>\n\t\t\t\t\t<\/div>\n\t\t<\/div>\n\t\t\t\t\t<\/div>\n\t\t<\/section>\n\t\t\t\t<\/div>\n\t\t","protected":false},"excerpt":{"rendered":"<p>Editeur du site internet Raison sociale : M. JACQUES DenysForme juridique : Entreprise individuelleSIRET : 33360720800043Num\u00e9ro de TVA intracommunautaire : FR80333607208Adresse du si\u00e8ge social : 6 rue Dulau \u2022 13200 ARLEST\u00e9l\u00e9phone : 06 76 54 72 77Contact : mtc.methodegeometrique@gmail.comResponsable de la publication : Denys JACQUES H\u00e9bergeur Hostinger International Ltd. 61 Lordou Vironos Street6023 Larnaca, Cyprus &hellip;<\/p>\n","protected":false},"author":2,"featured_media":0,"parent":0,"menu_order":0,"comment_status":"closed","ping_status":"closed","template":"","meta":{"footnotes":""},"class_list":["post-1290","page","type-page","status-publish","hentry"],"_links":{"self":[{"href":"https:\/\/mtc-methodegeometrique.com\/fr\/wp-json\/wp\/v2\/pages\/1290","targetHints":{"allow":["GET"]}}],"collection":[{"href":"https:\/\/mtc-methodegeometrique.com\/fr\/wp-json\/wp\/v2\/pages"}],"about":[{"href":"https:\/\/mtc-methodegeometrique.com\/fr\/wp-json\/wp\/v2\/types\/page"}],"author":[{"embeddable":true,"href":"https:\/\/mtc-methodegeometrique.com\/fr\/wp-json\/wp\/v2\/users\/2"}],"replies":[{"embeddable":true,"href":"https:\/\/mtc-methodegeometrique.com\/fr\/wp-json\/wp\/v2\/comments?post=1290"}],"version-history":[{"count":4,"href":"https:\/\/mtc-methodegeometrique.com\/fr\/wp-json\/wp\/v2\/pages\/1290\/revisions"}],"predecessor-version":[{"id":1296,"href":"https:\/\/mtc-methodegeometrique.com\/fr\/wp-json\/wp\/v2\/pages\/1290\/revisions\/1296"}],"wp:attachment":[{"href":"https:\/\/mtc-methodegeometrique.com\/fr\/wp-json\/wp\/v2\/media?parent=1290"}],"curies":[{"name":"wp","href":"https:\/\/api.w.org\/{rel}","templated":true}]}}