{"id":140,"date":"2021-03-05T09:05:57","date_gmt":"2021-03-05T08:05:57","guid":{"rendered":"http:\/\/mtc-methodegeometrique.com\/?page_id=140"},"modified":"2023-05-11T13:45:20","modified_gmt":"2023-05-11T11:45:20","slug":"qui-sommes-nous","status":"publish","type":"page","link":"https:\/\/mtc-methodegeometrique.com\/fr\/qui-sommes-nous\/","title":{"rendered":"Qui sommes nous"},"content":{"rendered":"\t\t<div data-elementor-type=\"wp-page\" data-elementor-id=\"140\" class=\"elementor elementor-140\">\n\t\t\t\t\t\t<section class=\"elementor-section elementor-top-section elementor-element elementor-element-48f7269 elementor-section-boxed elementor-section-height-default elementor-section-height-default\" data-id=\"48f7269\" data-element_type=\"section\">\n\t\t\t\t\t\t<div class=\"elementor-container elementor-column-gap-default\">\n\t\t\t\t\t<div class=\"elementor-column elementor-col-100 elementor-top-column elementor-element elementor-element-7f7b004\" data-id=\"7f7b004\" data-element_type=\"column\">\n\t\t\t<div class=\"elementor-widget-wrap elementor-element-populated\">\n\t\t\t\t\t\t<div class=\"elementor-element elementor-element-fa456f9 elementor-widget elementor-widget-heading\" data-id=\"fa456f9\" data-element_type=\"widget\" data-widget_type=\"heading.default\">\n\t\t\t\t<div class=\"elementor-widget-container\">\n\t\t\t\t\t<h2 class=\"elementor-heading-title elementor-size-default\">Les auteurs du petit trait\u00e9 g\u00e9om\u00e9trique de m\u00e9decine chinoise<\/h2>\t\t\t\t<\/div>\n\t\t\t\t<\/div>\n\t\t\t\t\t<\/div>\n\t\t<\/div>\n\t\t\t\t\t<\/div>\n\t\t<\/section>\n\t\t\t\t<section class=\"elementor-section elementor-top-section elementor-element elementor-element-4046dbf elementor-section-boxed elementor-section-height-default elementor-section-height-default\" data-id=\"4046dbf\" data-element_type=\"section\">\n\t\t\t\t\t\t<div class=\"elementor-container elementor-column-gap-default\">\n\t\t\t\t\t<div class=\"elementor-column elementor-col-50 elementor-top-column elementor-element elementor-element-b00bc95\" data-id=\"b00bc95\" data-element_type=\"column\">\n\t\t\t<div class=\"elementor-widget-wrap elementor-element-populated\">\n\t\t\t\t\t\t<div class=\"elementor-element elementor-element-74fe641 elementor-widget elementor-widget-image\" data-id=\"74fe641\" data-element_type=\"widget\" data-widget_type=\"image.default\">\n\t\t\t\t<div class=\"elementor-widget-container\">\n\t\t\t\t\t\t\t\t\t\t\t\t\t\t\t<img decoding=\"async\" width=\"150\" height=\"150\" src=\"https:\/\/mtc-methodegeometrique.com\/wp-content\/uploads\/2021\/03\/Photo-Denys-Jacques-150x150.jpg\" class=\"attachment-thumbnail size-thumbnail wp-image-177\" alt=\"Photo Denys Jacques\" srcset=\"https:\/\/mtc-methodegeometrique.com\/wp-content\/uploads\/2021\/03\/Photo-Denys-Jacques-150x150.jpg 150w, https:\/\/mtc-methodegeometrique.com\/wp-content\/uploads\/2021\/03\/Photo-Denys-Jacques-11x12.jpg 11w\" sizes=\"(max-width: 150px) 100vw, 150px\" \/>\t\t\t\t\t\t\t\t\t\t\t\t\t\t\t<\/div>\n\t\t\t\t<\/div>\n\t\t\t\t<div class=\"elementor-element elementor-element-68c8cbd elementor-widget elementor-widget-heading\" data-id=\"68c8cbd\" data-element_type=\"widget\" data-widget_type=\"heading.default\">\n\t\t\t\t<div class=\"elementor-widget-container\">\n\t\t\t\t\t<h2 class=\"elementor-heading-title elementor-size-default\">Denys Jacques<\/h2>\t\t\t\t<\/div>\n\t\t\t\t<\/div>\n\t\t\t\t<div class=\"elementor-element elementor-element-d36d3f5 elementor-icon-list--layout-inline elementor-align-center elementor-list-item-link-full_width elementor-widget elementor-widget-icon-list\" data-id=\"d36d3f5\" data-element_type=\"widget\" data-widget_type=\"icon-list.default\">\n\t\t\t\t<div class=\"elementor-widget-container\">\n\t\t\t\t\t\t\t<ul class=\"elementor-icon-list-items elementor-inline-items\">\n\t\t\t\t\t\t\t<li class=\"elementor-icon-list-item elementor-inline-item\">\n\t\t\t\t\t\t\t\t\t\t\t<span class=\"elementor-icon-list-icon\">\n\t\t\t\t\t\t\t<i aria-hidden=\"true\" class=\"fas fa-user-tag\"><\/i>\t\t\t\t\t\t<\/span>\n\t\t\t\t\t\t\t\t\t\t<span class=\"elementor-icon-list-text\">N\u00e9 en 1962 \u00e0 N\u00eemes (France)<\/span>\n\t\t\t\t\t\t\t\t\t<\/li>\n\t\t\t\t\t\t\t\t<li class=\"elementor-icon-list-item elementor-inline-item\">\n\t\t\t\t\t\t\t\t\t\t\t<span class=\"elementor-icon-list-icon\">\n\t\t\t\t\t\t\t<i aria-hidden=\"true\" class=\"fas fa-map-marker-alt\"><\/i>\t\t\t\t\t\t<\/span>\n\t\t\t\t\t\t\t\t\t\t<span class=\"elementor-icon-list-text\">Vit et officie \u00e0 Arles<\/span>\n\t\t\t\t\t\t\t\t\t<\/li>\n\t\t\t\t\t\t<\/ul>\n\t\t\t\t\t\t<\/div>\n\t\t\t\t<\/div>\n\t\t\t\t<div class=\"elementor-element elementor-element-b01544d elementor-widget elementor-widget-text-editor\" data-id=\"b01544d\" data-element_type=\"widget\" data-widget_type=\"text-editor.default\">\n\t\t\t\t<div class=\"elementor-widget-container\">\n\t\t\t\t\t\t\t\t\t<p class=\"p1\">Apr\u00e8s des <strong>\u00e9tudes de Kin\u00e9sith\u00e9rapie<\/strong> (dipl\u00f4me d\u2019Etat en 1985), il s\u2019oriente vers les <strong>th\u00e9rapies manuelles<\/strong> prenant en compte la globalit\u00e9 de la personne. Il se forme, avec Philippe SOUCHARD, \u00e0 la <a href=\"https:\/\/www.passeportsante.net\/fr\/Therapies\/Guide\/Fiche.aspx?doc=methode_mezieres_th\" target=\"_blank\" rel=\"noopener\">M\u00e9thode M\u00e9zi\u00e8res<\/a>, bas\u00e9e sur l\u2019\u00e9tirement des chaines musculaires trop courtes, trop tendues.<\/p><p class=\"p1\">Il \u00e9tudie, \u00e0 partir de 1987, la <strong>M\u00e9decine Traditionnelle Chinoise<\/strong> au coll\u00e8ge <a href=\"https:\/\/www.sferemtc.fr\/\" target=\"_blank\" rel=\"noopener\">S.F.E.R.E. \u00e0 Aix-en-Provence<\/a>, avec Jacques PIALOUX, R\u00e9gis BLIN et Jean-Pierre GUILIANI. Il partage leur approche fond\u00e9e sur le Yi-Jing qui renferme le code g\u00e9n\u00e9ral de la Vie.<\/p><p class=\"p1\">Il entreprend parall\u00e8lement des <strong>\u00e9tudes d\u2019ost\u00e9opathie<\/strong> au coll\u00e8ge <a href=\"https:\/\/www.eurosteo.com\/\" target=\"_blank\" rel=\"noopener\">EUROSTEO<\/a> avant de se former \u00e0 la <strong>Microkin\u00e9sith\u00e9rapie<\/strong>, une th\u00e9rapie manuelle qui recherche les inscriptions des agressions subies par le corps et qui en perturbent le fonctionnement.<\/p><p class=\"p1\">Riche de ce parcours, il \u00e9labore une grille de lecture des tissus en relation avec les diff\u00e9rents composants du syst\u00e8me \u00e9nerg\u00e9tique chinois et un mode de correction sp\u00e9cifique qui sont expos\u00e9s dans le \u00ab\u00a0<strong>Petit Trait\u00e9 G\u00e9om\u00e9trique de M\u00e9decine Chinoise\u00a0<\/strong>\u00bb, aboutissement de plusieurs d\u00e9cennies de recherches.<\/p><p class=\"p1\">Il vit et officie \u00e0 Arles.<\/p>\t\t\t\t\t\t\t\t<\/div>\n\t\t\t\t<\/div>\n\t\t\t\t\t<\/div>\n\t\t<\/div>\n\t\t\t\t<div class=\"elementor-column elementor-col-50 elementor-top-column elementor-element elementor-element-cbd7dc7\" data-id=\"cbd7dc7\" data-element_type=\"column\">\n\t\t\t<div class=\"elementor-widget-wrap elementor-element-populated\">\n\t\t\t\t\t\t<div class=\"elementor-element elementor-element-10d70e3 elementor-widget elementor-widget-image\" data-id=\"10d70e3\" data-element_type=\"widget\" data-widget_type=\"image.default\">\n\t\t\t\t<div class=\"elementor-widget-container\">\n\t\t\t\t\t\t\t\t\t\t\t\t\t\t\t<img decoding=\"async\" width=\"150\" height=\"150\" src=\"https:\/\/mtc-methodegeometrique.com\/wp-content\/uploads\/2021\/03\/Photo-Victor-Jacques-150x150.jpg\" class=\"attachment-thumbnail size-thumbnail wp-image-186\" alt=\"Photo Victor Jacques\" \/>\t\t\t\t\t\t\t\t\t\t\t\t\t\t\t<\/div>\n\t\t\t\t<\/div>\n\t\t\t\t<div class=\"elementor-element elementor-element-eae2e15 elementor-widget elementor-widget-heading\" data-id=\"eae2e15\" data-element_type=\"widget\" data-widget_type=\"heading.default\">\n\t\t\t\t<div class=\"elementor-widget-container\">\n\t\t\t\t\t<h2 class=\"elementor-heading-title elementor-size-default\">Victor Jacques<\/h2>\t\t\t\t<\/div>\n\t\t\t\t<\/div>\n\t\t\t\t<div class=\"elementor-element elementor-element-8ce4494 elementor-icon-list--layout-inline elementor-align-center elementor-list-item-link-full_width elementor-widget elementor-widget-icon-list\" data-id=\"8ce4494\" data-element_type=\"widget\" data-widget_type=\"icon-list.default\">\n\t\t\t\t<div class=\"elementor-widget-container\">\n\t\t\t\t\t\t\t<ul class=\"elementor-icon-list-items elementor-inline-items\">\n\t\t\t\t\t\t\t<li class=\"elementor-icon-list-item elementor-inline-item\">\n\t\t\t\t\t\t\t\t\t\t\t<span class=\"elementor-icon-list-icon\">\n\t\t\t\t\t\t\t<i aria-hidden=\"true\" class=\"fas fa-user-tag\"><\/i>\t\t\t\t\t\t<\/span>\n\t\t\t\t\t\t\t\t\t\t<span class=\"elementor-icon-list-text\">N\u00e9 en 1994 \u00e0 Grenoble (France)<\/span>\n\t\t\t\t\t\t\t\t\t<\/li>\n\t\t\t\t\t\t\t\t<li class=\"elementor-icon-list-item elementor-inline-item\">\n\t\t\t\t\t\t\t\t\t\t\t<span class=\"elementor-icon-list-icon\">\n\t\t\t\t\t\t\t<i aria-hidden=\"true\" class=\"fas fa-map-marker-alt\"><\/i>\t\t\t\t\t\t<\/span>\n\t\t\t\t\t\t\t\t\t\t<span class=\"elementor-icon-list-text\">R\u00e9side au Mexique<\/span>\n\t\t\t\t\t\t\t\t\t<\/li>\n\t\t\t\t\t\t<\/ul>\n\t\t\t\t\t\t<\/div>\n\t\t\t\t<\/div>\n\t\t\t\t<div class=\"elementor-element elementor-element-2ceef7a elementor-widget elementor-widget-text-editor\" data-id=\"2ceef7a\" data-element_type=\"widget\" data-widget_type=\"text-editor.default\">\n\t\t\t\t<div class=\"elementor-widget-container\">\n\t\t\t\t\t\t\t\t\t<p class=\"p1\">Fils de Denys JACQUES, il \u00e9tudie la <strong>M\u00e9decine Traditionnelle Chinoise<\/strong> au coll\u00e8ge <a href=\"https:\/\/www.sferemtc.fr\/\" target=\"_blank\" rel=\"noopener\">S.F.E.R.E<\/a>. o\u00f9 se forma son p\u00e8re 25 ans auparavant avec les m\u00eames enseignants.<\/p><p class=\"p1\"><strong>Il collabore \u00e0 l\u2019\u00e9laboration de la grille de lecture des tissus et \u00e0 l\u2019\u00e9criture du Petit Trait\u00e9 G\u00e9om\u00e9trique de M\u00e9decine Chinoise.<\/strong><\/p><p class=\"p1\">Passionn\u00e9 par le <strong>chamanisme<\/strong>, il entreprend des voyages d\u2019\u00e9tude au <strong>Mexique<\/strong> o\u00f9 il r\u00e9sida plusieurs ann\u00e9es. Il s\u2019est engag\u00e9 dans la <strong>promotion et la valorisation des m\u00e9decines traditionnelles<\/strong> dans ce pays et en Am\u00e9rique latine.<\/p>\t\t\t\t\t\t\t\t<\/div>\n\t\t\t\t<\/div>\n\t\t\t\t\t<\/div>\n\t\t<\/div>\n\t\t\t\t\t<\/div>\n\t\t<\/section>\n\t\t\t\t<\/div>\n\t\t","protected":false},"excerpt":{"rendered":"<p>Les auteurs du petit trait\u00e9 g\u00e9om\u00e9trique de m\u00e9decine chinoise Denys Jacques N\u00e9 en 1962 \u00e0 N\u00eemes (France) Vit et officie \u00e0 Arles Apr\u00e8s des \u00e9tudes de Kin\u00e9sith\u00e9rapie (dipl\u00f4me d\u2019Etat en 1985), il s\u2019oriente vers les th\u00e9rapies manuelles prenant en compte la globalit\u00e9 de la personne. Il se forme, avec Philippe SOUCHARD, \u00e0 la M\u00e9thode M\u00e9zi\u00e8res, &hellip;<\/p>\n","protected":false},"author":2,"featured_media":1319,"parent":0,"menu_order":0,"comment_status":"closed","ping_status":"closed","template":"","meta":{"footnotes":""},"class_list":["post-140","page","type-page","status-publish","has-post-thumbnail","hentry"],"_links":{"self":[{"href":"https:\/\/mtc-methodegeometrique.com\/fr\/wp-json\/wp\/v2\/pages\/140","targetHints":{"allow":["GET"]}}],"collection":[{"href":"https:\/\/mtc-methodegeometrique.com\/fr\/wp-json\/wp\/v2\/pages"}],"about":[{"href":"https:\/\/mtc-methodegeometrique.com\/fr\/wp-json\/wp\/v2\/types\/page"}],"author":[{"embeddable":true,"href":"https:\/\/mtc-methodegeometrique.com\/fr\/wp-json\/wp\/v2\/users\/2"}],"replies":[{"embeddable":true,"href":"https:\/\/mtc-methodegeometrique.com\/fr\/wp-json\/wp\/v2\/comments?post=140"}],"version-history":[{"count":28,"href":"https:\/\/mtc-methodegeometrique.com\/fr\/wp-json\/wp\/v2\/pages\/140\/revisions"}],"predecessor-version":[{"id":2694,"href":"https:\/\/mtc-methodegeometrique.com\/fr\/wp-json\/wp\/v2\/pages\/140\/revisions\/2694"}],"wp:featuredmedia":[{"embeddable":true,"href":"https:\/\/mtc-methodegeometrique.com\/fr\/wp-json\/wp\/v2\/media\/1319"}],"wp:attachment":[{"href":"https:\/\/mtc-methodegeometrique.com\/fr\/wp-json\/wp\/v2\/media?parent=140"}],"curies":[{"name":"wp","href":"https:\/\/api.w.org\/{rel}","templated":true}]}}