{"id":3,"date":"2021-02-18T09:21:23","date_gmt":"2021-02-18T08:21:23","guid":{"rendered":"http:\/\/mtc-methodegeometrique.com\/?page_id=3"},"modified":"2021-03-17T11:22:27","modified_gmt":"2021-03-17T10:22:27","slug":"politique-de-confidentialite","status":"publish","type":"page","link":"https:\/\/mtc-methodegeometrique.com\/fr\/politique-de-confidentialite\/","title":{"rendered":"Politique de confidentialit\u00e9"},"content":{"rendered":"\t\t<div data-elementor-type=\"wp-page\" data-elementor-id=\"3\" class=\"elementor elementor-3\">\n\t\t\t\t\t\t<section class=\"elementor-section elementor-top-section elementor-element elementor-element-1e6d54a elementor-section-boxed elementor-section-height-default elementor-section-height-default\" data-id=\"1e6d54a\" data-element_type=\"section\">\n\t\t\t\t\t\t<div class=\"elementor-container elementor-column-gap-default\">\n\t\t\t\t\t<div class=\"elementor-column elementor-col-100 elementor-top-column elementor-element elementor-element-adcb9b2\" data-id=\"adcb9b2\" data-element_type=\"column\">\n\t\t\t<div class=\"elementor-widget-wrap elementor-element-populated\">\n\t\t\t\t\t\t<div class=\"elementor-element elementor-element-0faecb7 elementor-widget elementor-widget-heading\" data-id=\"0faecb7\" data-element_type=\"widget\" data-widget_type=\"heading.default\">\n\t\t\t\t<div class=\"elementor-widget-container\">\n\t\t\t\t\t<h2 class=\"elementor-heading-title elementor-size-default\">Gestion de vos pr\u00e9f\u00e9rences<\/h2>\t\t\t\t<\/div>\n\t\t\t\t<\/div>\n\t\t\t\t<div class=\"elementor-element elementor-element-514e8be elementor-widget elementor-widget-text-editor\" data-id=\"514e8be\" data-element_type=\"widget\" data-widget_type=\"text-editor.default\">\n\t\t\t\t<div class=\"elementor-widget-container\">\n\t\t\t\t\t\t\t\t\t<p>Au-del\u00e0 des cookies de fonctionnement qui permettent de garantir des fonctionnalit\u00e9s importantes du site, MTC M\u00e9thode g\u00e9om\u00e9trique peut \u00eatre amen\u00e9 \u00e0 d\u00e9poser 3 cat\u00e9gories de cookies que vous pouvez d\u00e9sactiver selon vos pr\u00e9f\u00e9rences. Une fois d\u00e9finis, ces r\u00e9glages ne seront valables que sur le navigateur actif.<\/p><p>En autorisant ces services tiers, vous acceptez le d\u00e9p\u00f4t, la lecture de cookies et l\u2019utilisation de technologies de suivi n\u00e9cessaires \u00e0 leur bon fonctionnement.<\/p>\t\t\t\t\t\t\t\t<\/div>\n\t\t\t\t<\/div>\n\t\t\t\t<div class=\"elementor-element elementor-element-9d0ed78 elementor-widget elementor-widget-heading\" data-id=\"9d0ed78\" data-element_type=\"widget\" data-widget_type=\"heading.default\">\n\t\t\t\t<div class=\"elementor-widget-container\">\n\t\t\t\t\t<h2 class=\"elementor-heading-title elementor-size-default\">Pourquoi MTC M\u00e9thode g\u00e9om\u00e9trique\u00a0 utilise des cookies ?<\/h2>\t\t\t\t<\/div>\n\t\t\t\t<\/div>\n\t\t\t\t<div class=\"elementor-element elementor-element-2266cbd elementor-widget elementor-widget-text-editor\" data-id=\"2266cbd\" data-element_type=\"widget\" data-widget_type=\"text-editor.default\">\n\t\t\t\t<div class=\"elementor-widget-container\">\n\t\t\t\t\t\t\t\t\t<p>Lors de la consultation sur notre site, des cookies sont d\u00e9pos\u00e9s sur votre ordinateur, votre mobile ou votre tablette. Con\u00e7u pour \u00eatre attentif \u00e0 vos attentes, nous avons parfois besoin de cookies pour faire correctement fonctionner le site (identification, commentaires, compte, m\u00e9moriser vos consultations et personnaliser nos offres).\u00a0<\/p>\t\t\t\t\t\t\t\t<\/div>\n\t\t\t\t<\/div>\n\t\t\t\t<div class=\"elementor-element elementor-element-f7916a9 elementor-widget elementor-widget-heading\" data-id=\"f7916a9\" data-element_type=\"widget\" data-widget_type=\"heading.default\">\n\t\t\t\t<div class=\"elementor-widget-container\">\n\t\t\t\t\t<h3 class=\"elementor-heading-title elementor-size-default\">Qu'est ce qu'un cookie ?<\/h3>\t\t\t\t<\/div>\n\t\t\t\t<\/div>\n\t\t\t\t<div class=\"elementor-element elementor-element-a8d3dcf elementor-widget elementor-widget-text-editor\" data-id=\"a8d3dcf\" data-element_type=\"widget\" data-widget_type=\"text-editor.default\">\n\t\t\t\t<div class=\"elementor-widget-container\">\n\t\t\t\t\t\t\t\t\t<p>Un cookie est un fichier de type texte d\u00e9pos\u00e9 sur votre ordinateur, mobile ou tablette lors de la visite d\u2019un site ou la consultation d\u2019une publicit\u00e9. Ils ont le principal objectif de collecter des informations sur votre navigation sur internet et de vous adresser des offres personnalis\u00e9es. Les cookies sont d\u00e9pos\u00e9 sur le navigateur depuis lequel vous effectu\u00e9 vos recherches.\u00a0<\/p>\t\t\t\t\t\t\t\t<\/div>\n\t\t\t\t<\/div>\n\t\t\t\t<div class=\"elementor-element elementor-element-7b5e244 elementor-widget elementor-widget-heading\" data-id=\"7b5e244\" data-element_type=\"widget\" data-widget_type=\"heading.default\">\n\t\t\t\t<div class=\"elementor-widget-container\">\n\t\t\t\t\t<h3 class=\"elementor-heading-title elementor-size-default\">Les cookies utilis\u00e9s par MTC M\u00e9thode G\u00e9om\u00e9trique<\/h3>\t\t\t\t<\/div>\n\t\t\t\t<\/div>\n\t\t\t\t<div class=\"elementor-element elementor-element-0372a5a elementor-widget elementor-widget-heading\" data-id=\"0372a5a\" data-element_type=\"widget\" data-widget_type=\"heading.default\">\n\t\t\t\t<div class=\"elementor-widget-container\">\n\t\t\t\t\t<h4 class=\"elementor-heading-title elementor-size-default\">La mesure d\u2019audience avec \u00ab Analytics \u00bb\u00a0:<\/h4>\t\t\t\t<\/div>\n\t\t\t\t<\/div>\n\t\t\t\t<div class=\"elementor-element elementor-element-1711f25 elementor-widget elementor-widget-text-editor\" data-id=\"1711f25\" data-element_type=\"widget\" data-widget_type=\"text-editor.default\">\n\t\t\t\t<div class=\"elementor-widget-container\">\n\t\t\t\t\t\t\t\t\t<p>Les cookies Google analytics permettent les actions suivantes :\u00a0<br \/>Les _ga : utilis\u00e9s pour diff\u00e9rencier les utilisateurs et sont conserv\u00e9s 13 mois\u00a0<br \/>Les _gid : utilis\u00e9s pour diff\u00e9rencier les utilisateurs et sont conserv\u00e9s 1 jour\u00a0<br \/>Les dc_gtm_ : utilis\u00e9s pour r\u00e9duire le taux de demande et sont conserv\u00e9s 60 secondes<\/p>\t\t\t\t\t\t\t\t<\/div>\n\t\t\t\t<\/div>\n\t\t\t\t<div class=\"elementor-element elementor-element-3c43ac6 elementor-widget elementor-widget-heading\" data-id=\"3c43ac6\" data-element_type=\"widget\" data-widget_type=\"heading.default\">\n\t\t\t\t<div class=\"elementor-widget-container\">\n\t\t\t\t\t<h4 class=\"elementor-heading-title elementor-size-default\">Les commentaires d\u00e9pos\u00e9s sur le site MTC M\u00e9thode G\u00e9om\u00e9trique\u00a0<\/h4>\t\t\t\t<\/div>\n\t\t\t\t<\/div>\n\t\t\t\t<div class=\"elementor-element elementor-element-b6ed071 elementor-widget elementor-widget-text-editor\" data-id=\"b6ed071\" data-element_type=\"widget\" data-widget_type=\"text-editor.default\">\n\t\t\t\t<div class=\"elementor-widget-container\">\n\t\t\t\t\t\t\t\t\t<p>Quand vous laissez un commentaire sur notre site web, les donn\u00e9es inscrites dans le formulaire de commentaire, mais aussi votre adresse IP et l\u2019agent utilisateur de votre navigateur sont collect\u00e9s pour nous aider \u00e0 la d\u00e9tection des commentaires ind\u00e9sirables.<\/p><p>Une cha\u00eene anonymis\u00e9e cr\u00e9\u00e9e \u00e0 partir de votre adresse de messagerie (\u00e9galement appel\u00e9e hash) peut \u00eatre envoy\u00e9e au service Gravatar pour v\u00e9rifier si vous utilisez ce dernier. Les clauses de confidentialit\u00e9 du service Gravatar sont disponibles ici\u00a0: https:\/\/automattic.com\/privacy\/. Apr\u00e8s validation de votre commentaire, votre photo de profil sera visible publiquement \u00e0 cot\u00e9 de votre commentaire.<\/p><p>Si vous d\u00e9posez un commentaire sur notre site, il vous sera propos\u00e9 d\u2019enregistrer votre nom, adresse de messagerie et site web dans des cookies. C\u2019est uniquement pour votre confort afin de ne pas avoir \u00e0 saisir ces informations si vous d\u00e9posez un autre commentaire plus tard. Ces cookies expirent au bout d\u2019un an.<\/p><p>Si vous avez un compte et que vous vous connectez sur ce site, un cookie temporaire sera cr\u00e9\u00e9 afin de d\u00e9terminer si votre navigateur accepte les cookies. Il ne contient pas de donn\u00e9es personnelles et sera supprim\u00e9 automatiquement \u00e0 la fermeture de votre navigateur.<\/p><p>Lorsque vous vous connecterez, nous mettrons en place un certain nombre de cookies pour enregistrer vos informations de connexion et vos pr\u00e9f\u00e9rences d\u2019\u00e9cran. La dur\u00e9e de vie d\u2019un cookie de connexion est de deux jours, celle d\u2019un cookie d\u2019option d\u2019\u00e9cran est d\u2019un an. Si vous cochez \u00ab\u00a0Se souvenir de moi\u00a0\u00bb, votre cookie de connexion sera conserv\u00e9 pendant deux semaines. Si vous vous d\u00e9connectez de votre compte, le cookie de connexion sera effac\u00e9.<\/p><p>En modifiant ou en publiant une publication, un cookie suppl\u00e9mentaire sera enregistr\u00e9 dans votre navigateur. Ce cookie ne comprend aucune donn\u00e9e personnelle. Il indique simplement l\u2019ID de la publication que vous venez de modifier. Il expire au bout d\u2019un jour.<\/p><p>Si vous laissez un commentaire, le commentaire et ses m\u00e9tadonn\u00e9es sont conserv\u00e9s ind\u00e9finiment. Cela permet de reconna\u00eetre et approuver automatiquement les commentaires suivants au lieu de les laisser dans la file de mod\u00e9ration.<\/p><p>Pour les utilisateurs et utilisatrices qui s\u2019enregistrent sur notre site (si cela est possible), nous stockons \u00e9galement les donn\u00e9es personnelles indiqu\u00e9es dans leur profil. Tous les utilisateurs et utilisatrices peuvent voir, modifier ou supprimer leurs informations personnelles \u00e0 tout moment (\u00e0 l\u2019exception de leur nom d\u2019utilisateur\u00b7ice). Les gestionnaires du site peuvent aussi voir et modifier ces informations.<\/p>\t\t\t\t\t\t\t\t<\/div>\n\t\t\t\t<\/div>\n\t\t\t\t<div class=\"elementor-element elementor-element-0dcb551 elementor-widget elementor-widget-heading\" data-id=\"0dcb551\" data-element_type=\"widget\" data-widget_type=\"heading.default\">\n\t\t\t\t<div class=\"elementor-widget-container\">\n\t\t\t\t\t<h4 class=\"elementor-heading-title elementor-size-default\">Vos m\u00e9dias<\/h4>\t\t\t\t<\/div>\n\t\t\t\t<\/div>\n\t\t\t\t<div class=\"elementor-element elementor-element-954fa60 elementor-widget elementor-widget-text-editor\" data-id=\"954fa60\" data-element_type=\"widget\" data-widget_type=\"text-editor.default\">\n\t\t\t\t<div class=\"elementor-widget-container\">\n\t\t\t\t\t\t\t\t\t<p>Si vous \u00eates un utilisateur ou une utilisatrice enregistr\u00e9\u00b7e et que vous t\u00e9l\u00e9versez des images sur le site web, nous vous conseillons d\u2019\u00e9viter de t\u00e9l\u00e9verser des images contenant des donn\u00e9es EXIF de coordonn\u00e9es GPS. Les visiteurs de votre site web peuvent t\u00e9l\u00e9charger et extraire des donn\u00e9es de localisation depuis ces images.<\/p>\t\t\t\t\t\t\t\t<\/div>\n\t\t\t\t<\/div>\n\t\t\t\t<div class=\"elementor-element elementor-element-3d37731 elementor-widget elementor-widget-heading\" data-id=\"3d37731\" data-element_type=\"widget\" data-widget_type=\"heading.default\">\n\t\t\t\t<div class=\"elementor-widget-container\">\n\t\t\t\t\t<h2 class=\"elementor-heading-title elementor-size-default\">Param\u00e9trer votre navigateur internet<\/h2>\t\t\t\t<\/div>\n\t\t\t\t<\/div>\n\t\t\t\t<div class=\"elementor-element elementor-element-6672839 elementor-widget elementor-widget-text-editor\" data-id=\"6672839\" data-element_type=\"widget\" data-widget_type=\"text-editor.default\">\n\t\t\t\t<div class=\"elementor-widget-container\">\n\t\t\t\t\t\t\t\t\t<p>A tout moment, vous pouvez choisir de d\u00e9sactiver ces cookies. Votre navigateur peut \u00e9galement \u00eatre param\u00e9tr\u00e9 pour vous signaler les cookies qui sont d\u00e9pos\u00e9s dans votre ordinateur et vous demander de les accepter ou non. Nous vous rappelons que le param\u00e9trage est susceptible de modifier vos conditions d\u2019acc\u00e8s \u00e0 nos services n\u00e9cessitant l\u2019utilisation de cookies. Afin de g\u00e9rer les cookies au plus pr\u00e8s de vos attentes nous vous invitons \u00e0 param\u00e9trer votre navigateur en tenant compte de la finalit\u00e9 des cookies telle que mentionn\u00e9e ci-avant.<\/p><p>Voici comment contr\u00f4ler ou emp\u00eacher l\u2019enregistrement des cookies en fonction des diff\u00e9rents navigateurs :<\/p>\t\t\t\t\t\t\t\t<\/div>\n\t\t\t\t<\/div>\n\t\t\t\t<div class=\"elementor-element elementor-element-24148af elementor-widget elementor-widget-heading\" data-id=\"24148af\" data-element_type=\"widget\" data-widget_type=\"heading.default\">\n\t\t\t\t<div class=\"elementor-widget-container\">\n\t\t\t\t\t<h4 class=\"elementor-heading-title elementor-size-default\">1\/ Internet Explorer<\/h4>\t\t\t\t<\/div>\n\t\t\t\t<\/div>\n\t\t\t\t<div class=\"elementor-element elementor-element-7e235c3 elementor-widget elementor-widget-text-editor\" data-id=\"7e235c3\" data-element_type=\"widget\" data-widget_type=\"text-editor.default\">\n\t\t\t\t<div class=\"elementor-widget-container\">\n\t\t\t\t\t\t\t\t\t<p>Internet Explorer &gt; Outils &gt; Options Internet.<\/p><p>Sous l\u2019onglet G\u00e9n\u00e9ral &gt; Historique de navigation &gt; Param\u00e8tres &gt; Afficher les fichiers.<\/p><p>S\u00e9lectionnez le ou les cookies li\u00e9s au site mtc-methodegeometrique.com et supprimez-les Fermez la fen\u00eatre qui contient la liste des fichiers, et cliquez sur OK pour retourner sur le navigateur.<\/p>\t\t\t\t\t\t\t\t<\/div>\n\t\t\t\t<\/div>\n\t\t\t\t<div class=\"elementor-element elementor-element-5fbfe22 elementor-widget elementor-widget-heading\" data-id=\"5fbfe22\" data-element_type=\"widget\" data-widget_type=\"heading.default\">\n\t\t\t\t<div class=\"elementor-widget-container\">\n\t\t\t\t\t<h4 class=\"elementor-heading-title elementor-size-default\">2\/ Firefox<\/h4>\t\t\t\t<\/div>\n\t\t\t\t<\/div>\n\t\t\t\t<div class=\"elementor-element elementor-element-ffdd48f elementor-widget elementor-widget-text-editor\" data-id=\"ffdd48f\" data-element_type=\"widget\" data-widget_type=\"text-editor.default\">\n\t\t\t\t<div class=\"elementor-widget-container\">\n\t\t\t\t\t\t\t\t\t<p>Allez dans l\u2019onglet Outils &gt; Options &gt; Vie priv\u00e9e &gt; Affichez les cookies Rep\u00e9rez les fichiers li\u00e9s \u00e0 mtc-methodegeom\u00e9trique.com, s\u00e9lectionnez-les et supprimez-les.<\/p>\t\t\t\t\t\t\t\t<\/div>\n\t\t\t\t<\/div>\n\t\t\t\t<div class=\"elementor-element elementor-element-f92c3f5 elementor-widget elementor-widget-heading\" data-id=\"f92c3f5\" data-element_type=\"widget\" data-widget_type=\"heading.default\">\n\t\t\t\t<div class=\"elementor-widget-container\">\n\t\t\t\t\t<h4 class=\"elementor-heading-title elementor-size-default\">3\/ Safari<\/h4>\t\t\t\t<\/div>\n\t\t\t\t<\/div>\n\t\t\t\t<div class=\"elementor-element elementor-element-d462dea elementor-widget elementor-widget-text-editor\" data-id=\"d462dea\" data-element_type=\"widget\" data-widget_type=\"text-editor.default\">\n\t\t\t\t<div class=\"elementor-widget-container\">\n\t\t\t\t\t\t\t\t\t<p>Dans votre navigateur, choisissez le menu \u00c9dition &gt; Pr\u00e9f\u00e9rences &gt; S\u00e9curit\u00e9 &gt; Afficher les cookies.<\/p><p>S\u00e9lectionnez les cookies li\u00e9s \u00e0 mtc-methodegeometrique.com et cliquez sur Effacer.<\/p><p>Apr\u00e8s avoir supprim\u00e9 les cookies, cliquez sur Termin\u00e9.<\/p>\t\t\t\t\t\t\t\t<\/div>\n\t\t\t\t<\/div>\n\t\t\t\t<div class=\"elementor-element elementor-element-cf047a2 elementor-widget elementor-widget-heading\" data-id=\"cf047a2\" data-element_type=\"widget\" data-widget_type=\"heading.default\">\n\t\t\t\t<div class=\"elementor-widget-container\">\n\t\t\t\t\t<h4 class=\"elementor-heading-title elementor-size-default\">4\/ Google Chrome<\/h4>\t\t\t\t<\/div>\n\t\t\t\t<\/div>\n\t\t\t\t<div class=\"elementor-element elementor-element-6be13c5 elementor-widget elementor-widget-text-editor\" data-id=\"6be13c5\" data-element_type=\"widget\" data-widget_type=\"text-editor.default\">\n\t\t\t\t<div class=\"elementor-widget-container\">\n\t\t\t\t\t\t\t\t\t<p>Cliquez sur l\u2019ic\u00f4ne du menu Outils &gt; Options &gt; Options avanc\u00e9es &gt; Confidentialit\u00e9 &gt; Afficher les cookies.<\/p><p>Rep\u00e9rez les fichiers li\u00e9s \u00e0 mtc-methodegeometrique.com et supprimez-les.<\/p><p>Cliquez sur Fermer pour revenir \u00e0 votre navigateur.<\/p>\t\t\t\t\t\t\t\t<\/div>\n\t\t\t\t<\/div>\n\t\t\t\t<div class=\"elementor-element elementor-element-33ee219 elementor-widget elementor-widget-heading\" data-id=\"33ee219\" data-element_type=\"widget\" data-widget_type=\"heading.default\">\n\t\t\t\t<div class=\"elementor-widget-container\">\n\t\t\t\t\t<h2 class=\"elementor-heading-title elementor-size-default\">Vos donn\u00e9es personnelles<\/h2>\t\t\t\t<\/div>\n\t\t\t\t<\/div>\n\t\t\t\t<div class=\"elementor-element elementor-element-62a89c4 elementor-widget elementor-widget-text-editor\" data-id=\"62a89c4\" data-element_type=\"widget\" data-widget_type=\"text-editor.default\">\n\t\t\t\t<div class=\"elementor-widget-container\">\n\t\t\t\t\t\t\t\t\t<p>Les informations recueillies par MTC M\u00e9thode g\u00e9om\u00e9trique, notamment \u00e0 partir des formulaires figurant sur le pr\u00e9sent site, font l\u2019objet d\u2019un traitement informatique destin\u00e9 \u00e0 la soci\u00e9t\u00e9 MTC M\u00e9thode G\u00e9om\u00e9trique ayant pour finalit\u00e9 la gestion de clients et de prospects conform\u00e9ment \u00e0 la norme simplifi\u00e9e concernant les traitements automatis\u00e9s de donn\u00e9es \u00e0 caract\u00e8re personnel relatifs \u00e0 la gestion de clients et de prospects (Norme simplifi\u00e9e n\u00b0 48).<\/p><p>Conform\u00e9ment \u00e0 la\u00a0loi \u00ab informatique et libert\u00e9s \u00bb du 6 janvier 1978 modifi\u00e9e, vous disposez d\u2019un droit d\u2019acc\u00e8s et de rectification aux informations qui vous concernent. Vous pouvez acc\u00e9der aux informations vous concernant en vous adressant \u00e0 :<\/p><p>M. JACQUES Denys<\/p><p>6 rue Dulau<\/p><p>13200 ARLES<\/p><p>06 76 54 72 77<\/p><p>mtc.methodegeometrique@gmail.com<\/p><p>Vous pouvez \u00e9galement, pour des motifs l\u00e9gitimes, vous opposer au traitement des donn\u00e9es vous concernant et g\u00e9rer vos pr\u00e9f\u00e9rences sur la console de gestion des cookies.<\/p>\t\t\t\t\t\t\t\t<\/div>\n\t\t\t\t<\/div>\n\t\t\t\t\t<\/div>\n\t\t<\/div>\n\t\t\t\t\t<\/div>\n\t\t<\/section>\n\t\t\t\t<\/div>\n\t\t","protected":false},"excerpt":{"rendered":"<p>Gestion de vos pr\u00e9f\u00e9rences Au-del\u00e0 des cookies de fonctionnement qui permettent de garantir des fonctionnalit\u00e9s importantes du site, MTC M\u00e9thode g\u00e9om\u00e9trique peut \u00eatre amen\u00e9 \u00e0 d\u00e9poser 3 cat\u00e9gories de cookies que vous pouvez d\u00e9sactiver selon vos pr\u00e9f\u00e9rences. Une fois d\u00e9finis, ces r\u00e9glages ne seront valables que sur le navigateur actif. En autorisant ces services tiers, &hellip;<\/p>\n","protected":false},"author":2,"featured_media":0,"parent":0,"menu_order":0,"comment_status":"closed","ping_status":"open","template":"","meta":{"footnotes":""},"class_list":["post-3","page","type-page","status-publish","hentry"],"_links":{"self":[{"href":"https:\/\/mtc-methodegeometrique.com\/fr\/wp-json\/wp\/v2\/pages\/3","targetHints":{"allow":["GET"]}}],"collection":[{"href":"https:\/\/mtc-methodegeometrique.com\/fr\/wp-json\/wp\/v2\/pages"}],"about":[{"href":"https:\/\/mtc-methodegeometrique.com\/fr\/wp-json\/wp\/v2\/types\/page"}],"author":[{"embeddable":true,"href":"https:\/\/mtc-methodegeometrique.com\/fr\/wp-json\/wp\/v2\/users\/2"}],"replies":[{"embeddable":true,"href":"https:\/\/mtc-methodegeometrique.com\/fr\/wp-json\/wp\/v2\/comments?post=3"}],"version-history":[{"count":9,"href":"https:\/\/mtc-methodegeometrique.com\/fr\/wp-json\/wp\/v2\/pages\/3\/revisions"}],"predecessor-version":[{"id":1287,"href":"https:\/\/mtc-methodegeometrique.com\/fr\/wp-json\/wp\/v2\/pages\/3\/revisions\/1287"}],"wp:attachment":[{"href":"https:\/\/mtc-methodegeometrique.com\/fr\/wp-json\/wp\/v2\/media?parent=3"}],"curies":[{"name":"wp","href":"https:\/\/api.w.org\/{rel}","templated":true}]}}