{"id":6,"date":"2021-02-18T09:39:02","date_gmt":"2021-02-18T08:39:02","guid":{"rendered":"http:\/\/mtc-methodegeometrique.com\/?page_id=6"},"modified":"2021-02-18T10:17:32","modified_gmt":"2021-02-18T09:17:32","slug":"en-construction","status":"publish","type":"page","link":"https:\/\/mtc-methodegeometrique.com\/fr\/en-construction\/","title":{"rendered":"En Construction"},"content":{"rendered":"\t\t<div data-elementor-type=\"wp-page\" data-elementor-id=\"6\" class=\"elementor elementor-6\">\n\t\t\t\t\t\t<section class=\"elementor-section elementor-top-section elementor-element elementor-element-bb98caa elementor-section-boxed elementor-section-height-default elementor-section-height-default\" data-id=\"bb98caa\" data-element_type=\"section\">\n\t\t\t\t\t\t<div class=\"elementor-container elementor-column-gap-default\">\n\t\t\t\t\t<div class=\"elementor-column elementor-col-100 elementor-top-column elementor-element elementor-element-e9a2933\" data-id=\"e9a2933\" data-element_type=\"column\">\n\t\t\t<div class=\"elementor-widget-wrap elementor-element-populated\">\n\t\t\t\t\t\t<div class=\"elementor-element elementor-element-72adf75 elementor-widget elementor-widget-heading\" data-id=\"72adf75\" data-element_type=\"widget\" data-widget_type=\"heading.default\">\n\t\t\t\t<div class=\"elementor-widget-container\">\n\t\t\t\t\t<h1 class=\"elementor-heading-title elementor-size-xl\">La m\u00e9thode g\u00e9ometrique<\/h1>\t\t\t\t<\/div>\n\t\t\t\t<\/div>\n\t\t\t\t<div class=\"elementor-element elementor-element-a320776 elementor-widget elementor-widget-text-editor\" data-id=\"a320776\" data-element_type=\"widget\" data-widget_type=\"text-editor.default\">\n\t\t\t\t<div class=\"elementor-widget-container\">\n\t\t\t\t\t\t\t\t\t<p>Une approche in\u00e9dite de la m\u00e9decine chinoise<\/p>\t\t\t\t\t\t\t\t<\/div>\n\t\t\t\t<\/div>\n\t\t\t\t<div class=\"elementor-element elementor-element-dcbae11 elementor-widget elementor-widget-image\" data-id=\"dcbae11\" data-element_type=\"widget\" data-widget_type=\"image.default\">\n\t\t\t\t<div class=\"elementor-widget-container\">\n\t\t\t\t\t\t\t\t\t\t\t\t\t\t\t<img fetchpriority=\"high\" decoding=\"async\" width=\"626\" height=\"626\" src=\"https:\/\/mtc-methodegeometrique.com\/wp-content\/uploads\/2021\/02\/gestion-portefeuille-exemples-projets-precedents-catalogue-travaux-presentation-competences-graphiste-succes-personnage-dessin-anime-developpeur-web_335657-1586.jpg\" class=\"attachment-large size-large wp-image-9\" alt=\"\" srcset=\"https:\/\/mtc-methodegeometrique.com\/wp-content\/uploads\/2021\/02\/gestion-portefeuille-exemples-projets-precedents-catalogue-travaux-presentation-competences-graphiste-succes-personnage-dessin-anime-developpeur-web_335657-1586.jpg 626w, https:\/\/mtc-methodegeometrique.com\/wp-content\/uploads\/2021\/02\/gestion-portefeuille-exemples-projets-precedents-catalogue-travaux-presentation-competences-graphiste-succes-personnage-dessin-anime-developpeur-web_335657-1586-300x300.jpg 300w, https:\/\/mtc-methodegeometrique.com\/wp-content\/uploads\/2021\/02\/gestion-portefeuille-exemples-projets-precedents-catalogue-travaux-presentation-competences-graphiste-succes-personnage-dessin-anime-developpeur-web_335657-1586-150x150.jpg 150w\" sizes=\"(max-width: 626px) 100vw, 626px\" \/>\t\t\t\t\t\t\t\t\t\t\t\t\t\t\t<\/div>\n\t\t\t\t<\/div>\n\t\t\t\t<div class=\"elementor-element elementor-element-ba009de elementor-widget elementor-widget-heading\" data-id=\"ba009de\" data-element_type=\"widget\" data-widget_type=\"heading.default\">\n\t\t\t\t<div class=\"elementor-widget-container\">\n\t\t\t\t\t<h2 class=\"elementor-heading-title elementor-size-default\">Site en construction<\/h2>\t\t\t\t<\/div>\n\t\t\t\t<\/div>\n\t\t\t\t\t<\/div>\n\t\t<\/div>\n\t\t\t\t\t<\/div>\n\t\t<\/section>\n\t\t\t\t<\/div>\n\t\t","protected":false},"excerpt":{"rendered":"<p>La m\u00e9thode g\u00e9ometrique Une approche in\u00e9dite de la m\u00e9decine chinoise Site en construction English<\/p>\n","protected":false},"author":2,"featured_media":0,"parent":0,"menu_order":0,"comment_status":"closed","ping_status":"closed","template":"","meta":{"footnotes":""},"class_list":["post-6","page","type-page","status-publish","hentry"],"_links":{"self":[{"href":"https:\/\/mtc-methodegeometrique.com\/fr\/wp-json\/wp\/v2\/pages\/6","targetHints":{"allow":["GET"]}}],"collection":[{"href":"https:\/\/mtc-methodegeometrique.com\/fr\/wp-json\/wp\/v2\/pages"}],"about":[{"href":"https:\/\/mtc-methodegeometrique.com\/fr\/wp-json\/wp\/v2\/types\/page"}],"author":[{"embeddable":true,"href":"https:\/\/mtc-methodegeometrique.com\/fr\/wp-json\/wp\/v2\/users\/2"}],"replies":[{"embeddable":true,"href":"https:\/\/mtc-methodegeometrique.com\/fr\/wp-json\/wp\/v2\/comments?post=6"}],"version-history":[{"count":12,"href":"https:\/\/mtc-methodegeometrique.com\/fr\/wp-json\/wp\/v2\/pages\/6\/revisions"}],"predecessor-version":[{"id":40,"href":"https:\/\/mtc-methodegeometrique.com\/fr\/wp-json\/wp\/v2\/pages\/6\/revisions\/40"}],"wp:attachment":[{"href":"https:\/\/mtc-methodegeometrique.com\/fr\/wp-json\/wp\/v2\/media?parent=6"}],"curies":[{"name":"wp","href":"https:\/\/api.w.org\/{rel}","templated":true}]}}