{"id":75,"date":"2021-03-04T15:21:19","date_gmt":"2021-03-04T14:21:19","guid":{"rendered":"http:\/\/mtc-methodegeometrique.com\/?page_id=75"},"modified":"2021-11-15T22:29:08","modified_gmt":"2021-11-15T21:29:08","slug":"mtc-la-methode-geometrique-2","status":"publish","type":"page","link":"https:\/\/mtc-methodegeometrique.com\/fr\/mtc-la-methode-geometrique-2\/","title":{"rendered":"MTC La M\u00e9thode G\u00e9om\u00e9trique"},"content":{"rendered":"\t\t<div data-elementor-type=\"wp-page\" data-elementor-id=\"75\" class=\"elementor elementor-75\">\n\t\t\t\t\t\t<section class=\"elementor-section elementor-top-section elementor-element elementor-element-712aa0f elementor-section-boxed elementor-section-height-default elementor-section-height-default\" data-id=\"712aa0f\" data-element_type=\"section\">\n\t\t\t\t\t\t<div class=\"elementor-container elementor-column-gap-default\">\n\t\t\t\t\t<div class=\"elementor-column elementor-col-100 elementor-top-column elementor-element elementor-element-ac92fae\" data-id=\"ac92fae\" data-element_type=\"column\">\n\t\t\t<div class=\"elementor-widget-wrap elementor-element-populated\">\n\t\t\t\t\t\t<div class=\"elementor-element elementor-element-236d17f elementor-widget elementor-widget-heading\" data-id=\"236d17f\" data-element_type=\"widget\" data-widget_type=\"heading.default\">\n\t\t\t\t<div class=\"elementor-widget-container\">\n\t\t\t\t\t<h2 class=\"elementor-heading-title elementor-size-default\">La m\u00e9decine traditionnelle chinoise par la m\u00e9thode g\u00e9om\u00e9trique<\/h2>\t\t\t\t<\/div>\n\t\t\t\t<\/div>\n\t\t\t\t\t<\/div>\n\t\t<\/div>\n\t\t\t\t\t<\/div>\n\t\t<\/section>\n\t\t\t\t<section class=\"elementor-section elementor-top-section elementor-element elementor-element-7efc19d elementor-section-boxed elementor-section-height-default elementor-section-height-default\" data-id=\"7efc19d\" data-element_type=\"section\">\n\t\t\t\t\t\t<div class=\"elementor-container elementor-column-gap-default\">\n\t\t\t\t\t<div class=\"elementor-column elementor-col-50 elementor-top-column elementor-element elementor-element-8b23995\" data-id=\"8b23995\" data-element_type=\"column\">\n\t\t\t<div class=\"elementor-widget-wrap elementor-element-populated\">\n\t\t\t\t\t\t<div class=\"elementor-element elementor-element-5aae2ae elementor-widget elementor-widget-text-editor\" data-id=\"5aae2ae\" data-element_type=\"widget\" data-widget_type=\"text-editor.default\">\n\t\t\t\t<div class=\"elementor-widget-container\">\n\t\t\t\t\t\t\t\t\t<p class=\"p1\">Le diagnostic en M\u00e9decine Traditionnelle Chinoise repose principalement sur <strong>l\u2019interrogatoire, l\u2019inspection du teint, de la langue, des ongles, la palpation abdominale, la prise des pouls.<\/strong><\/p><p>A partir de ces \u00e9l\u00e9ments dont l\u2019interpr\u00e9tation n\u2019\u00e9chappe pas \u00e0 une part de subjectivit\u00e9, le <strong>th\u00e9rapeute<\/strong> choisit de poncturer certains points avec des aiguilles, de les chauffer voire de les masser ou d\u2019utiliser des ventouses.<\/p>\t\t\t\t\t\t\t\t<\/div>\n\t\t\t\t<\/div>\n\t\t\t\t\t<\/div>\n\t\t<\/div>\n\t\t\t\t<div class=\"elementor-column elementor-col-50 elementor-top-column elementor-element elementor-element-f3dfce0\" data-id=\"f3dfce0\" data-element_type=\"column\">\n\t\t\t<div class=\"elementor-widget-wrap elementor-element-populated\">\n\t\t\t\t\t\t<div class=\"elementor-element elementor-element-5ed79e7 elementor-widget elementor-widget-text-editor\" data-id=\"5ed79e7\" data-element_type=\"widget\" data-widget_type=\"text-editor.default\">\n\t\t\t\t<div class=\"elementor-widget-container\">\n\t\t\t\t\t\t\t\t\t<p>Cependant, le <strong>syst\u00e8me \u00e9nerg\u00e9tique est d\u2019une telle complexit\u00e9<\/strong> qu\u2019il peut y avoir un d\u00e9calage, une distorsion entre l\u2019approche intellectuelle du th\u00e9rapeute et la r\u00e9alit\u00e9 \u00e9nerg\u00e9tique du patient.<\/p><p><strong>Notre approche de la M\u00e9decine Chinoise est enti\u00e8rement manuelle<\/strong>, donc sans aiguilles, moxa ou pharmacop\u00e9e. Elle est bas\u00e9e sur une palpation sp\u00e9cifique des points, des m\u00e9ridiens et des tissus du corps humain en r\u00e9sonance avec les fonctions \u00e9nerg\u00e9tiques.<\/p>\t\t\t\t\t\t\t\t<\/div>\n\t\t\t\t<\/div>\n\t\t\t\t\t<\/div>\n\t\t<\/div>\n\t\t\t\t\t<\/div>\n\t\t<\/section>\n\t\t\t\t<section class=\"elementor-section elementor-top-section elementor-element elementor-element-cdab74b elementor-section-boxed elementor-section-height-default elementor-section-height-default\" data-id=\"cdab74b\" data-element_type=\"section\">\n\t\t\t\t\t\t<div class=\"elementor-container elementor-column-gap-default\">\n\t\t\t\t\t<div class=\"elementor-column elementor-col-100 elementor-top-column elementor-element elementor-element-1c44a2d\" data-id=\"1c44a2d\" data-element_type=\"column\">\n\t\t\t<div class=\"elementor-widget-wrap elementor-element-populated\">\n\t\t\t\t\t\t<div class=\"elementor-element elementor-element-c333324 elementor-widget elementor-widget-testimonial\" data-id=\"c333324\" data-element_type=\"widget\" data-widget_type=\"testimonial.default\">\n\t\t\t\t<div class=\"elementor-widget-container\">\n\t\t\t\t\t\t\t<div class=\"elementor-testimonial-wrapper\">\n\t\t\t\t\t\t\t<div class=\"elementor-testimonial-content\">\"Seuls les tissus savent.\"<\/div>\n\t\t\t\n\t\t\t\t\t<\/div>\n\t\t\t\t\t\t<\/div>\n\t\t\t\t<\/div>\n\t\t\t\t\t<\/div>\n\t\t<\/div>\n\t\t\t\t\t<\/div>\n\t\t<\/section>\n\t\t\t\t<section class=\"elementor-section elementor-top-section elementor-element elementor-element-725eec5 elementor-section-boxed elementor-section-height-default elementor-section-height-default\" data-id=\"725eec5\" data-element_type=\"section\">\n\t\t\t\t\t\t<div class=\"elementor-container elementor-column-gap-default\">\n\t\t\t\t\t<div class=\"elementor-column elementor-col-100 elementor-top-column elementor-element elementor-element-2e09310\" data-id=\"2e09310\" data-element_type=\"column\">\n\t\t\t<div class=\"elementor-widget-wrap elementor-element-populated\">\n\t\t\t\t\t\t<div class=\"elementor-element elementor-element-afd8f2e elementor-widget elementor-widget-text-editor\" data-id=\"afd8f2e\" data-element_type=\"widget\" data-widget_type=\"text-editor.default\">\n\t\t\t\t<div class=\"elementor-widget-container\">\n\t\t\t\t\t\t\t\t\t<p class=\"p1\">Ce n\u2019est pas le th\u00e9rapeute qui d\u00e9cide ce qu\u2019il est bon de faire pour le patient, d\u2019amener l\u2019\u00e9nergie ici ou l\u00e0, mais <strong>ce sont les tissus qui lui indiquent o\u00f9 le corps est en demande.<\/strong> Pour les \u00ab lire \u00bb, il a besoin d\u2019une cl\u00e9 de lecture, \u00e0 savoir l\u2019interrogation active (<strong>= comment palper<\/strong>) et d\u2019une grille de lecture (= <strong>o\u00f9 palper<\/strong>). L\u2019Energie, le Qi, ne doit pas \u00eatre un concept flou, difficile \u00e0 saisir mais <strong>une r\u00e9alit\u00e9 que l\u2019on peut \u00ab toucher du doigt \u00bb<\/strong>.<\/p><p class=\"p1\">L\u2019interrogation active, qui \u00e9tudie la r\u00e9ponse d\u2019un tissu \u00e0 une stimulation, permet d\u2019<strong>appr\u00e9cier la circulation de l\u2019Energie<\/strong> dans toutes les structures, de reconnaitre un point ferm\u00e9, qui ne \u00ab\u00a0r\u00e9pond\u00a0\u00bb pas, une stagnation dans les m\u00e9ridiens ou dans les organes entre autres.<\/p>\t\t\t\t\t\t\t\t<\/div>\n\t\t\t\t<\/div>\n\t\t\t\t\t<\/div>\n\t\t<\/div>\n\t\t\t\t\t<\/div>\n\t\t<\/section>\n\t\t\t\t<section class=\"elementor-section elementor-top-section elementor-element elementor-element-f155e98 elementor-section-boxed elementor-section-height-default elementor-section-height-default\" data-id=\"f155e98\" data-element_type=\"section\">\n\t\t\t\t\t\t<div class=\"elementor-container elementor-column-gap-default\">\n\t\t\t\t\t<div class=\"elementor-column elementor-col-100 elementor-top-column elementor-element elementor-element-e99d7ff\" data-id=\"e99d7ff\" data-element_type=\"column\">\n\t\t\t<div class=\"elementor-widget-wrap elementor-element-populated\">\n\t\t\t\t\t\t<div class=\"elementor-element elementor-element-15d4c56 elementor-widget elementor-widget-text-editor\" data-id=\"15d4c56\" data-element_type=\"widget\" data-widget_type=\"text-editor.default\">\n\t\t\t\t<div class=\"elementor-widget-container\">\n\t\t\t\t\t\t\t\t\t<p class=\"p1\"><strong>Le principe de r\u00e9sonance est \u00e0 la base de la grille de lecture.<\/strong> Le syst\u00e8me \u00e9nerg\u00e9tique s\u2019incarne, se mat\u00e9rialise dans l\u2019anatomie, dans les structures physiques (les os, les muscles, le derme, l\u2019\u00e9piderme, les organes&#8230;). Leur palpation permet de d\u00e9terminer les fonctions \u00e9nerg\u00e9tiques perturb\u00e9es et \u00e0 quel niveau elles le sont (physique, \u00e9motionnel, spirituel).<\/p><p class=\"p1\"><strong>La grille de lecture est l\u2019aboutissement de plusieurs d\u00e9cennies de recherches et d\u2019observations men\u00e9es \u00e0 partir des enseignements de Jacques Pialoux et R\u00e9gis Blin.<\/strong><\/p>\t\t\t\t\t\t\t\t<\/div>\n\t\t\t\t<\/div>\n\t\t\t\t<div class=\"elementor-element elementor-element-55a0ba5 elementor-widget-divider--separator-type-pattern elementor-widget-divider--no-spacing elementor-widget-divider--view-line elementor-widget elementor-widget-divider\" data-id=\"55a0ba5\" data-element_type=\"widget\" data-widget_type=\"divider.default\">\n\t\t\t\t<div class=\"elementor-widget-container\">\n\t\t\t\t\t\t\t<div class=\"elementor-divider\" style=\"--divider-pattern-url: url(&quot;data:image\/svg+xml,%3Csvg xmlns=&#039;http:\/\/www.w3.org\/2000\/svg&#039; preserveAspectRatio=&#039;xMidYMid meet&#039; overflow=&#039;visible&#039; height=&#039;100%&#039; viewBox=&#039;0 0 120 26&#039; fill=&#039;black&#039; stroke=&#039;none&#039;%3E%3Cpath d=&#039;M11.9,15.9L11.9,15.9L0,16c-0.2-3.7,1.5-5.7,4.9-6C10,9.6,12.4,14.2,11.9,15.9zM26.9,15.9L26.9,15.9L15,16c0.5-3.7,2.5-5.7,5.9-6C26,9.6,27.4,14.2,26.9,15.9z M37.1,10c3.4,0.3,5.1,2.3,4.9,6H30.1C29.5,14.4,31.9,9.6,37.1,10z M57,15.9L57,15.9L45,16c0-3.4,1.6-5.4,4.9-5.9C54.8,9.3,57.4,14.2,57,15.9z M71.9,15.9L71.9,15.9L60,16c-0.2-3.7,1.5-5.7,4.9-6C70,9.6,72.4,14.2,71.9,15.9z M82.2,10c3.4,0.3,5,2.3,4.8,6H75.3C74,13,77.1,9.6,82.2,10zM101.9,15.9L101.9,15.9L90,16c-0.2-3.7,1.5-5.7,4.9-6C100,9.6,102.4,14.2,101.9,15.9z M112.1,10.1c2.7,0.5,4.3,2.5,4.9,5.9h-11.9l0,0C104.5,14.4,108,9.3,112.1,10.1z&#039;\/%3E%3C\/svg%3E&quot;);\">\n\t\t\t<span class=\"elementor-divider-separator\">\n\t\t\t\t\t\t<\/span>\n\t\t<\/div>\n\t\t\t\t\t\t<\/div>\n\t\t\t\t<\/div>\n\t\t\t\t\t<\/div>\n\t\t<\/div>\n\t\t\t\t\t<\/div>\n\t\t<\/section>\n\t\t\t\t<section class=\"elementor-section elementor-top-section elementor-element elementor-element-8f811dd elementor-section-boxed elementor-section-height-default elementor-section-height-default\" data-id=\"8f811dd\" data-element_type=\"section\">\n\t\t\t\t\t\t<div class=\"elementor-container elementor-column-gap-default\">\n\t\t\t\t\t<div class=\"elementor-column elementor-col-50 elementor-top-column elementor-element elementor-element-cb090ae\" data-id=\"cb090ae\" data-element_type=\"column\">\n\t\t\t<div class=\"elementor-widget-wrap elementor-element-populated\">\n\t\t\t\t\t\t<div class=\"elementor-element elementor-element-4636bbc elementor-widget elementor-widget-text-editor\" data-id=\"4636bbc\" data-element_type=\"widget\" data-widget_type=\"text-editor.default\">\n\t\t\t\t<div class=\"elementor-widget-container\">\n\t\t\t\t\t\t\t\t\t<p class=\"p1\">Le mode de correction, \u00e9galement applicable pour les traumatismes physiques caus\u00e9s par des chocs, des chutes, consiste \u00e0 <strong>donner au corps l\u2019information qui lui permettra de s\u2019auto-corriger<\/strong>.<\/p><p class=\"p1\">Le th\u00e9rapeute ne fait que lui <strong>montrer les points en relation avec les d\u00e9sordres \u00e9nerg\u00e9tiques<\/strong> d\u00e9termin\u00e9s par la grille de lecture, qui vont alors de nouveau \u00ab\u00a0r\u00e9pondre\u00a0\u00bb. Il sent instantan\u00e9ment sous ses mains les tissus se modifier.<\/p>\t\t\t\t\t\t\t\t<\/div>\n\t\t\t\t<\/div>\n\t\t\t\t\t<\/div>\n\t\t<\/div>\n\t\t\t\t<div class=\"elementor-column elementor-col-50 elementor-top-column elementor-element elementor-element-1e82229\" data-id=\"1e82229\" data-element_type=\"column\">\n\t\t\t<div class=\"elementor-widget-wrap elementor-element-populated\">\n\t\t\t\t\t\t<div class=\"elementor-element elementor-element-0386f6b elementor-widget elementor-widget-text-editor\" data-id=\"0386f6b\" data-element_type=\"widget\" data-widget_type=\"text-editor.default\">\n\t\t\t\t<div class=\"elementor-widget-container\">\n\t\t\t\t\t\t\t\t\t<p class=\"p1\"><strong>La M\u00e9thode G\u00e9om\u00e9trique<\/strong> peut \u00eatre utilis\u00e9e soit en tant que <strong>traitement \u00e0 part enti\u00e8re<\/strong>, soit pour confirmer un diagnostic, compl\u00e9ter un traitement <strong>ou s\u2019assurer de l\u2019efficacit\u00e9 des corrections effectu\u00e9es avec des techniques plus traditionnelles.<\/strong><\/p><p class=\"p1\">Elle est expos\u00e9e dans notre ouvrage essentiellement pratique \u00ab <a href=\"https:\/\/www.amazon.fr\/dp\/B088ZG693P\/ref=dp_kinw_strp_1\" target=\"_blank\" rel=\"noopener\">Petit Trait\u00e9 G\u00e9om\u00e9trique de M\u00e9decine Chinoise<\/a>\u00bb. Les th\u00e8mes abord\u00e9s dans les dossiers y font r\u00e9f\u00e9rence.<\/p>\t\t\t\t\t\t\t\t<\/div>\n\t\t\t\t<\/div>\n\t\t\t\t\t<\/div>\n\t\t<\/div>\n\t\t\t\t\t<\/div>\n\t\t<\/section>\n\t\t\t\t<section class=\"elementor-section elementor-top-section elementor-element elementor-element-be1decf elementor-section-stretched elementor-section-boxed elementor-section-height-default elementor-section-height-default\" data-id=\"be1decf\" data-element_type=\"section\" data-settings=\"{&quot;stretch_section&quot;:&quot;section-stretched&quot;,&quot;background_background&quot;:&quot;classic&quot;}\">\n\t\t\t\t\t\t<div class=\"elementor-container elementor-column-gap-default\">\n\t\t\t\t\t<div class=\"elementor-column elementor-col-100 elementor-top-column elementor-element elementor-element-1947ffe\" data-id=\"1947ffe\" data-element_type=\"column\">\n\t\t\t<div class=\"elementor-widget-wrap elementor-element-populated\">\n\t\t\t\t\t\t<div class=\"elementor-element elementor-element-c6d877f elementor-widget elementor-widget-spacer\" data-id=\"c6d877f\" data-element_type=\"widget\" data-widget_type=\"spacer.default\">\n\t\t\t\t<div class=\"elementor-widget-container\">\n\t\t\t\t\t\t\t<div class=\"elementor-spacer\">\n\t\t\t<div class=\"elementor-spacer-inner\"><\/div>\n\t\t<\/div>\n\t\t\t\t\t\t<\/div>\n\t\t\t\t<\/div>\n\t\t\t\t\t<\/div>\n\t\t<\/div>\n\t\t\t\t\t<\/div>\n\t\t<\/section>\n\t\t\t\t<section class=\"elementor-section elementor-top-section elementor-element elementor-element-5b76f5d elementor-section-stretched elementor-section-boxed elementor-section-height-default elementor-section-height-default\" data-id=\"5b76f5d\" data-element_type=\"section\" data-settings=\"{&quot;stretch_section&quot;:&quot;section-stretched&quot;,&quot;background_background&quot;:&quot;classic&quot;}\">\n\t\t\t\t\t\t<div class=\"elementor-container elementor-column-gap-default\">\n\t\t\t\t\t<div class=\"elementor-column elementor-col-25 elementor-top-column elementor-element elementor-element-ae38881\" data-id=\"ae38881\" data-element_type=\"column\">\n\t\t\t<div class=\"elementor-widget-wrap\">\n\t\t\t\t\t\t\t<\/div>\n\t\t<\/div>\n\t\t\t\t<div class=\"elementor-column elementor-col-25 elementor-top-column elementor-element elementor-element-1fd67c6\" data-id=\"1fd67c6\" data-element_type=\"column\">\n\t\t\t<div class=\"elementor-widget-wrap elementor-element-populated\">\n\t\t\t\t\t\t<div class=\"elementor-element elementor-element-4606866 elementor-widget elementor-widget-image\" data-id=\"4606866\" data-element_type=\"widget\" data-widget_type=\"image.default\">\n\t\t\t\t<div class=\"elementor-widget-container\">\n\t\t\t\t\t\t\t\t\t\t\t\t<figure class=\"wp-caption\">\n\t\t\t\t\t\t\t\t\t\t\t<a href=\"https:\/\/www.amazon.fr\/Petit-Trait%C3%A9-G%C3%A9om%C3%A9trique-M%C3%A9decine-Chinoise\/dp\/1788943279\/ref=sr_1_1?__mk_fr_FR=%C3%85M%C3%85%C5%BD%C3%95%C3%91&#038;dchild=1&#038;keywords=petit+trait%C3%A9+g%C3%A9om%C3%A9trique+de+m%C3%A9decine+chinoise&#038;qid=1615988385&#038;s=books&#038;sr=1-1\" target=\"_blank\">\n\t\t\t\t\t\t\t<img fetchpriority=\"high\" decoding=\"async\" width=\"640\" height=\"1024\" src=\"https:\/\/mtc-methodegeometrique.com\/wp-content\/uploads\/2021\/03\/Couverture-livre-Le-petit-traite\u0301-ge\u0301ome\u0301trique-de-me\u0301decine-chinoise-640x1024.jpg\" class=\"attachment-large size-large wp-image-86\" alt=\"Couverture livre Le petit traite\u0301 ge\u0301ome\u0301trique de me\u0301decine chinoise\" srcset=\"https:\/\/mtc-methodegeometrique.com\/wp-content\/uploads\/2021\/03\/Couverture-livre-Le-petit-traite\u0301-ge\u0301ome\u0301trique-de-me\u0301decine-chinoise-640x1024.jpg 640w, https:\/\/mtc-methodegeometrique.com\/wp-content\/uploads\/2021\/03\/Couverture-livre-Le-petit-traite\u0301-ge\u0301ome\u0301trique-de-me\u0301decine-chinoise-188x300.jpg 188w, https:\/\/mtc-methodegeometrique.com\/wp-content\/uploads\/2021\/03\/Couverture-livre-Le-petit-traite\u0301-ge\u0301ome\u0301trique-de-me\u0301decine-chinoise-768x1229.jpg 768w, https:\/\/mtc-methodegeometrique.com\/wp-content\/uploads\/2021\/03\/Couverture-livre-Le-petit-traite\u0301-ge\u0301ome\u0301trique-de-me\u0301decine-chinoise-960x1536.jpg 960w, https:\/\/mtc-methodegeometrique.com\/wp-content\/uploads\/2021\/03\/Couverture-livre-Le-petit-traite\u0301-ge\u0301ome\u0301trique-de-me\u0301decine-chinoise-8x12.jpg 8w, https:\/\/mtc-methodegeometrique.com\/wp-content\/uploads\/2021\/03\/Couverture-livre-Le-petit-traite\u0301-ge\u0301ome\u0301trique-de-me\u0301decine-chinoise.jpg 1052w\" sizes=\"(max-width: 640px) 100vw, 640px\" \/>\t\t\t\t\t\t\t\t<\/a>\n\t\t\t\t\t\t\t\t\t\t\t<figcaption class=\"widget-image-caption wp-caption-text\">Le Petit Trait\u00e9 G\u00e9om\u00e9trique de M\u00e9decine Chinoise<\/figcaption>\n\t\t\t\t\t\t\t\t\t\t<\/figure>\n\t\t\t\t\t\t\t\t\t<\/div>\n\t\t\t\t<\/div>\n\t\t\t\t\t<\/div>\n\t\t<\/div>\n\t\t\t\t<div class=\"elementor-column elementor-col-25 elementor-top-column elementor-element elementor-element-ea5f8b9\" data-id=\"ea5f8b9\" data-element_type=\"column\">\n\t\t\t<div class=\"elementor-widget-wrap elementor-element-populated\">\n\t\t\t\t\t\t<div class=\"elementor-element elementor-element-79faae9 elementor-align-left elementor-widget elementor-widget-button\" data-id=\"79faae9\" data-element_type=\"widget\" data-widget_type=\"button.default\">\n\t\t\t\t<div class=\"elementor-widget-container\">\n\t\t\t\t\t\t\t\t\t<div class=\"elementor-button-wrapper\">\n\t\t\t\t\t<a class=\"elementor-button elementor-button-link elementor-size-sm\" href=\"https:\/\/www.amazon.fr\/Petit-Trait%C3%A9-G%C3%A9om%C3%A9trique-M%C3%A9decine-Chinoise\/dp\/1788943279\/ref=sr_1_1?__mk_fr_FR=%C3%85M%C3%85%C5%BD%C3%95%C3%91&#038;dchild=1&#038;keywords=petit+trait%C3%A9+g%C3%A9om%C3%A9trique+de+m%C3%A9decine+chinoise&#038;qid=1615988385&#038;s=books&#038;sr=1-1\" target=\"_blank\">\n\t\t\t\t\t\t<span class=\"elementor-button-content-wrapper\">\n\t\t\t\t\t\t<span class=\"elementor-button-icon\">\n\t\t\t\t<i aria-hidden=\"true\" class=\"fab fa-amazon\"><\/i>\t\t\t<\/span>\n\t\t\t\t\t\t\t\t\t<span class=\"elementor-button-text\">Acheter le livre sur Amazon<\/span>\n\t\t\t\t\t<\/span>\n\t\t\t\t\t<\/a>\n\t\t\t\t<\/div>\n\t\t\t\t\t\t\t\t<\/div>\n\t\t\t\t<\/div>\n\t\t\t\t\t<\/div>\n\t\t<\/div>\n\t\t\t\t<div class=\"elementor-column elementor-col-25 elementor-top-column elementor-element elementor-element-946edec\" data-id=\"946edec\" data-element_type=\"column\">\n\t\t\t<div class=\"elementor-widget-wrap\">\n\t\t\t\t\t\t\t<\/div>\n\t\t<\/div>\n\t\t\t\t\t<\/div>\n\t\t<\/section>\n\t\t\t\t<section class=\"elementor-section elementor-top-section elementor-element elementor-element-cd8fe0a elementor-section-stretched elementor-section-boxed elementor-section-height-default elementor-section-height-default\" data-id=\"cd8fe0a\" data-element_type=\"section\" data-settings=\"{&quot;stretch_section&quot;:&quot;section-stretched&quot;,&quot;background_background&quot;:&quot;classic&quot;}\">\n\t\t\t\t\t\t<div class=\"elementor-container elementor-column-gap-default\">\n\t\t\t\t\t<div class=\"elementor-column elementor-col-100 elementor-top-column elementor-element elementor-element-48b8f60\" data-id=\"48b8f60\" data-element_type=\"column\">\n\t\t\t<div class=\"elementor-widget-wrap elementor-element-populated\">\n\t\t\t\t\t\t<div class=\"elementor-element elementor-element-ac00f48 elementor-widget elementor-widget-spacer\" data-id=\"ac00f48\" data-element_type=\"widget\" data-widget_type=\"spacer.default\">\n\t\t\t\t<div class=\"elementor-widget-container\">\n\t\t\t\t\t\t\t<div class=\"elementor-spacer\">\n\t\t\t<div class=\"elementor-spacer-inner\"><\/div>\n\t\t<\/div>\n\t\t\t\t\t\t<\/div>\n\t\t\t\t<\/div>\n\t\t\t\t\t<\/div>\n\t\t<\/div>\n\t\t\t\t\t<\/div>\n\t\t<\/section>\n\t\t\t\t<section class=\"elementor-section elementor-top-section elementor-element elementor-element-cdb7921 elementor-section-boxed elementor-section-height-default elementor-section-height-default\" data-id=\"cdb7921\" data-element_type=\"section\">\n\t\t\t\t\t\t<div class=\"elementor-container elementor-column-gap-default\">\n\t\t\t\t\t<div class=\"elementor-column elementor-col-100 elementor-top-column elementor-element elementor-element-17d7617\" data-id=\"17d7617\" data-element_type=\"column\">\n\t\t\t<div class=\"elementor-widget-wrap elementor-element-populated\">\n\t\t\t\t\t\t<div class=\"elementor-element elementor-element-dbe590b elementor-widget elementor-widget-spacer\" data-id=\"dbe590b\" data-element_type=\"widget\" data-widget_type=\"spacer.default\">\n\t\t\t\t<div class=\"elementor-widget-container\">\n\t\t\t\t\t\t\t<div class=\"elementor-spacer\">\n\t\t\t<div class=\"elementor-spacer-inner\"><\/div>\n\t\t<\/div>\n\t\t\t\t\t\t<\/div>\n\t\t\t\t<\/div>\n\t\t\t\t<div class=\"elementor-element elementor-element-77492dd elementor-widget elementor-widget-heading\" data-id=\"77492dd\" data-element_type=\"widget\" data-widget_type=\"heading.default\">\n\t\t\t\t<div class=\"elementor-widget-container\">\n\t\t\t\t\t<h3 class=\"elementor-heading-title elementor-size-default\">\u00ab\u00a0Petit Trait\u00e9 G\u00e9om\u00e9trique de M\u00e9decine Chinoise\u00a0\u00bb est sur Facebook\u00a0:  <\/h3>\t\t\t\t<\/div>\n\t\t\t\t<\/div>\n\t\t\t\t<div class=\"elementor-element elementor-element-de47cc4 elementor-shape-circle elementor-grid-0 e-grid-align-center elementor-widget elementor-widget-social-icons\" data-id=\"de47cc4\" data-element_type=\"widget\" data-widget_type=\"social-icons.default\">\n\t\t\t\t<div class=\"elementor-widget-container\">\n\t\t\t\t\t\t\t<div class=\"elementor-social-icons-wrapper elementor-grid\">\n\t\t\t\t\t\t\t<span class=\"elementor-grid-item\">\n\t\t\t\t\t<a class=\"elementor-icon elementor-social-icon elementor-social-icon-facebook elementor-repeater-item-2322d91\" href=\"https:\/\/www.facebook.com\/Petit-Trait%C3%A9-G%C3%A9ometrique-de-Medecine-Chinoise-105695807482424\/\" target=\"_blank\">\n\t\t\t\t\t\t<span class=\"elementor-screen-only\">Facebook<\/span>\n\t\t\t\t\t\t<i aria-hidden=\"true\" class=\"fab fa-facebook\"><\/i>\t\t\t\t\t<\/a>\n\t\t\t\t<\/span>\n\t\t\t\t\t<\/div>\n\t\t\t\t\t\t<\/div>\n\t\t\t\t<\/div>\n\t\t\t\t<div class=\"elementor-element elementor-element-8d98978 elementor-widget elementor-widget-spacer\" data-id=\"8d98978\" data-element_type=\"widget\" data-widget_type=\"spacer.default\">\n\t\t\t\t<div class=\"elementor-widget-container\">\n\t\t\t\t\t\t\t<div class=\"elementor-spacer\">\n\t\t\t<div class=\"elementor-spacer-inner\"><\/div>\n\t\t<\/div>\n\t\t\t\t\t\t<\/div>\n\t\t\t\t<\/div>\n\t\t\t\t\t<\/div>\n\t\t<\/div>\n\t\t\t\t\t<\/div>\n\t\t<\/section>\n\t\t\t\t<\/div>\n\t\t","protected":false},"excerpt":{"rendered":"<p>La m\u00e9decine traditionnelle chinoise par la m\u00e9thode g\u00e9om\u00e9trique Le diagnostic en M\u00e9decine Traditionnelle Chinoise repose principalement sur l\u2019interrogatoire, l\u2019inspection du teint, de la langue, des ongles, la palpation abdominale, la prise des pouls. A partir de ces \u00e9l\u00e9ments dont l\u2019interpr\u00e9tation n\u2019\u00e9chappe pas \u00e0 une part de subjectivit\u00e9, le th\u00e9rapeute choisit de poncturer certains points avec &hellip;<\/p>\n","protected":false},"author":2,"featured_media":58,"parent":0,"menu_order":0,"comment_status":"closed","ping_status":"closed","template":"","meta":{"footnotes":""},"class_list":["post-75","page","type-page","status-publish","has-post-thumbnail","hentry"],"_links":{"self":[{"href":"https:\/\/mtc-methodegeometrique.com\/fr\/wp-json\/wp\/v2\/pages\/75","targetHints":{"allow":["GET"]}}],"collection":[{"href":"https:\/\/mtc-methodegeometrique.com\/fr\/wp-json\/wp\/v2\/pages"}],"about":[{"href":"https:\/\/mtc-methodegeometrique.com\/fr\/wp-json\/wp\/v2\/types\/page"}],"author":[{"embeddable":true,"href":"https:\/\/mtc-methodegeometrique.com\/fr\/wp-json\/wp\/v2\/users\/2"}],"replies":[{"embeddable":true,"href":"https:\/\/mtc-methodegeometrique.com\/fr\/wp-json\/wp\/v2\/comments?post=75"}],"version-history":[{"count":73,"href":"https:\/\/mtc-methodegeometrique.com\/fr\/wp-json\/wp\/v2\/pages\/75\/revisions"}],"predecessor-version":[{"id":2409,"href":"https:\/\/mtc-methodegeometrique.com\/fr\/wp-json\/wp\/v2\/pages\/75\/revisions\/2409"}],"wp:featuredmedia":[{"embeddable":true,"href":"https:\/\/mtc-methodegeometrique.com\/fr\/wp-json\/wp\/v2\/media\/58"}],"wp:attachment":[{"href":"https:\/\/mtc-methodegeometrique.com\/fr\/wp-json\/wp\/v2\/media?parent=75"}],"curies":[{"name":"wp","href":"https:\/\/api.w.org\/{rel}","templated":true}]}}